{"id":1829,"date":"2020-06-22T07:10:52","date_gmt":"2020-06-22T07:10:52","guid":{"rendered":"https:\/\/www.meatmachinechina.com\/?page_id=1829"},"modified":"2020-06-22T07:10:52","modified_gmt":"2020-06-22T07:10:52","slug":"sobre-nosotras","status":"publish","type":"page","link":"https:\/\/www.meatmachinechina.com\/es\/sobre-nosotras\/","title":{"rendered":"Sobre Nosotras"},"content":{"rendered":"<p><img loading=\"lazy\" decoding=\"async\" class=\"alignnone wp-image-207 size-large\" src=\"https:\/\/www.meatmachinechina.com\/wp-content\/uploads\/2017\/04\/Banner01-Meat-Blow-Cutting-Machine-Meat-Grinder-Machine-Manufacture-1024x267.jpg\" alt=\"Banner01-Meat-Blow-Cutting-Machine-Meat-Grinder-Machine Manufacture\" width=\"1024\" height=\"267\" srcset=\"https:\/\/www.meatmachinechina.com\/wp-content\/uploads\/2017\/04\/Banner01-Meat-Blow-Cutting-Machine-Meat-Grinder-Machine-Manufacture-1024x267.jpg 1024w, https:\/\/www.meatmachinechina.com\/wp-content\/uploads\/2017\/04\/Banner01-Meat-Blow-Cutting-Machine-Meat-Grinder-Machine-Manufacture-300x78.jpg 300w, https:\/\/www.meatmachinechina.com\/wp-content\/uploads\/2017\/04\/Banner01-Meat-Blow-Cutting-Machine-Meat-Grinder-Machine-Manufacture-768x200.jpg 768w, https:\/\/www.meatmachinechina.com\/wp-content\/uploads\/2017\/04\/Banner01-Meat-Blow-Cutting-Machine-Meat-Grinder-Machine-Manufacture.jpg 1920w\" sizes=\"auto, (max-width: 1024px) 100vw, 1024px\" \/><\/p>\n<p>Romiter Machinery Co., Ltd. es un dise\u00f1ador l\u00edder en el mercado y un fabricante de la m\u00e1quina de procesamiento de carne con 10 a\u00f1os de experiencia. En los \u00faltimos 10 a\u00f1os, nos centramos en investigar y dise\u00f1ar la maquinaria que podr\u00eda procesar la carne en un tipo diferente de productos.<\/p>\n<p><img loading=\"lazy\" decoding=\"async\" class=\"alignnone wp-image-208 size-large\" src=\"https:\/\/www.meatmachinechina.com\/wp-content\/uploads\/2017\/04\/Banner02-Sausage-Stuffing-Machine-Sausage-Binding-Wire-Machine-1024x267.jpg\" alt=\"Banner02-Sausage-Stuffing-Machine-Sausage-Binding-Wire-Machine\" width=\"1024\" height=\"267\" srcset=\"https:\/\/www.meatmachinechina.com\/wp-content\/uploads\/2017\/04\/Banner02-Sausage-Stuffing-Machine-Sausage-Binding-Wire-Machine-1024x267.jpg 1024w, https:\/\/www.meatmachinechina.com\/wp-content\/uploads\/2017\/04\/Banner02-Sausage-Stuffing-Machine-Sausage-Binding-Wire-Machine-300x78.jpg 300w, https:\/\/www.meatmachinechina.com\/wp-content\/uploads\/2017\/04\/Banner02-Sausage-Stuffing-Machine-Sausage-Binding-Wire-Machine-768x200.jpg 768w, https:\/\/www.meatmachinechina.com\/wp-content\/uploads\/2017\/04\/Banner02-Sausage-Stuffing-Machine-Sausage-Binding-Wire-Machine.jpg 1920w\" sizes=\"auto, (max-width: 1024px) 100vw, 1024px\" \/><\/p>\n<p>Romiter Machinery gana una amplia reputaci\u00f3n por productos con alta eficiencia, excelente confiabilidad, f\u00e1cil mantenimiento y larga vida \u00fatil. Romiter tiene un excelente equipo de soporte t\u00e9cnico, que incluye maquinistas y t\u00e9cnicos de servicio altamente experimentados. Todas nuestras m\u00e1quinas est\u00e1n equipadas con componentes de marca confiables. Esto nos permite ofrecer a nuestros clientes m\u00e1quinas continuas de alta calidad y de \u00faltima generaci\u00f3n para el procesamiento de carne a precios competitivos.<\/p>\n<p><img loading=\"lazy\" decoding=\"async\" class=\"alignnone wp-image-229 size-large\" src=\"https:\/\/www.meatmachinechina.com\/wp-content\/uploads\/2017\/05\/Banner04-Meat-and-Bone-Separating-Machine-and-Bone-Crushing-Machine-Manufacture-1024x267.jpg\" alt=\"Banner04-Meat-and-Bone-Separating-Machine-and-Bone-Crushing-Machine Manufacture\" width=\"1024\" height=\"267\" srcset=\"https:\/\/www.meatmachinechina.com\/wp-content\/uploads\/2017\/05\/Banner04-Meat-and-Bone-Separating-Machine-and-Bone-Crushing-Machine-Manufacture-1024x267.jpg 1024w, https:\/\/www.meatmachinechina.com\/wp-content\/uploads\/2017\/05\/Banner04-Meat-and-Bone-Separating-Machine-and-Bone-Crushing-Machine-Manufacture-300x78.jpg 300w, https:\/\/www.meatmachinechina.com\/wp-content\/uploads\/2017\/05\/Banner04-Meat-and-Bone-Separating-Machine-and-Bone-Crushing-Machine-Manufacture-768x200.jpg 768w, https:\/\/www.meatmachinechina.com\/wp-content\/uploads\/2017\/05\/Banner04-Meat-and-Bone-Separating-Machine-and-Bone-Crushing-Machine-Manufacture.jpg 1920w\" sizes=\"auto, (max-width: 1024px) 100vw, 1024px\" \/><\/p>\n<p>Nuestro servicio, profesionalismo, experiencia y pericia han ganado una gran cantidad de clientes satisfechos, nos han ganado su confianza y nos han dado la credibilidad para trabajar con varias compa\u00f1\u00edas, tanto grandes como peque\u00f1as, en todo el Medio Oriente, Am\u00e9rica del Norte y del Sur, Europa, Ocean\u00eda, Asia y \u00c1frica, etc.<\/p>\n<p><img loading=\"lazy\" decoding=\"async\" class=\"alignnone wp-image-209 size-large\" src=\"https:\/\/www.meatmachinechina.com\/wp-content\/uploads\/2017\/04\/Banner03-Meat-Ball-Making-Machine-Meat-Beating-Machine-Manufacture-1024x267.jpg\" alt=\"Banner03-Meat-Ball-Making-Machine-Meat-Beating-Machine-Manufacture\" width=\"1024\" height=\"267\" srcset=\"https:\/\/www.meatmachinechina.com\/wp-content\/uploads\/2017\/04\/Banner03-Meat-Ball-Making-Machine-Meat-Beating-Machine-Manufacture-1024x267.jpg 1024w, https:\/\/www.meatmachinechina.com\/wp-content\/uploads\/2017\/04\/Banner03-Meat-Ball-Making-Machine-Meat-Beating-Machine-Manufacture-300x78.jpg 300w, https:\/\/www.meatmachinechina.com\/wp-content\/uploads\/2017\/04\/Banner03-Meat-Ball-Making-Machine-Meat-Beating-Machine-Manufacture-768x200.jpg 768w, https:\/\/www.meatmachinechina.com\/wp-content\/uploads\/2017\/04\/Banner03-Meat-Ball-Making-Machine-Meat-Beating-Machine-Manufacture.jpg 1920w\" sizes=\"auto, (max-width: 1024px) 100vw, 1024px\" \/><\/p>\n<p>Romiter Meat Processing Machine Meat Europe Requisito de calidad. Con la certificaci\u00f3n CE, el cliente no necesita preocuparse por la importaci\u00f3n<\/p>\n<p>Romiter Group proporciona una soluci\u00f3n completa de procesamiento de carne, que incluye pero no se limita a:<\/p>\n<ol>\n<li>Cortadora de carne<\/li>\n<li>Sierra de cinta de hueso congelado<\/li>\n<li>M\u00e1quina para hacer salchichas<\/li>\n<li>M\u00e1quina para hacer bolas de carne<\/li>\n<li>M\u00e1quina trituradora de hueso<\/li>\n<li>Horno para fumar carne<\/li>\n<li>M\u00e1quina separadora de carne y hueso de pescado.<\/li>\n<li>M\u00e1quina de pies de pollo<\/li>\n<li>M\u00e1quina picadora de carne<\/li>\n<li>Cortadora de carne<\/li>\n<li>M\u00e1quina de empanada de carne<\/li>\n<\/ol>\n<p>Romiter Group puede proporcionar productos personalizados para clientes. Bienvenido a contactarnos para m\u00e1s informaci\u00f3n.<\/p>\n<p>Facebook Page:\u00a0<a href=\"https:\/\/www.facebook.com\/MeatProcessingMachine\/\" rel=\"no follow\">https:\/\/www.facebook.com\/MeatProcessingMachine\/<\/a><\/p>\n\n<div class=\"wpcf7 no-js\" id=\"wpcf7-f4-o1\" lang=\"en-US\" dir=\"ltr\" data-wpcf7-id=\"4\">\n<div class=\"screen-reader-response\"><p role=\"status\" aria-live=\"polite\" aria-atomic=\"true\"><\/p> <ul><\/ul><\/div>\n<form action=\"\/es\/wp-json\/wp\/v2\/pages\/1829#wpcf7-f4-o1\" method=\"post\" class=\"wpcf7-form init\" aria-label=\"Contact form\" novalidate=\"novalidate\" data-status=\"init\">\n<fieldset class=\"hidden-fields-container\"><input type=\"hidden\" name=\"_wpcf7\" value=\"4\" \/><input type=\"hidden\" name=\"_wpcf7_version\" value=\"6.1.5\" \/><input type=\"hidden\" name=\"_wpcf7_locale\" value=\"en_US\" \/><input type=\"hidden\" name=\"_wpcf7_unit_tag\" value=\"wpcf7-f4-o1\" \/><input type=\"hidden\" name=\"_wpcf7_container_post\" value=\"0\" \/><input type=\"hidden\" name=\"_wpcf7_posted_data_hash\" value=\"\" \/>\n<\/fieldset>\n<div id=\"inquiryForm\">\n\t<h2>Send Us Inquiry to Get Quotation\n\t<\/h2>\n\t<p>Please enter your contact information and the details you want to know about our product.\n\t<\/p>\n\t<p>Your Name (required)\n\t<\/p>\n\t<p><span class=\"wpcf7-form-control-wrap\" data-name=\"your-name\"><input size=\"40\" maxlength=\"400\" class=\"wpcf7-form-control wpcf7-text wpcf7-validates-as-required\" aria-required=\"true\" aria-invalid=\"false\" value=\"\" type=\"text\" name=\"your-name\" \/><\/span>\n\t<\/p>\n\t<p>Your Email (required)\n\t<\/p>\n\t<p><span class=\"wpcf7-form-control-wrap\" data-name=\"your-email\"><input size=\"40\" maxlength=\"400\" class=\"wpcf7-form-control wpcf7-email wpcf7-validates-as-required wpcf7-text wpcf7-validates-as-email\" aria-required=\"true\" aria-invalid=\"false\" value=\"\" type=\"email\" name=\"your-email\" \/><\/span>\n\t<\/p>\n\t<p>Country\n\t<\/p>\n\t<p><span class=\"wpcf7-form-control-wrap\" data-name=\"your-country\"><input size=\"40\" maxlength=\"400\" class=\"wpcf7-form-control wpcf7-text\" aria-invalid=\"false\" placeholder=\"Tell us Your Country\" value=\"\" type=\"text\" name=\"your-country\" \/><\/span>\n\t<\/p>\n\t<p>WhatsApp\n\t<\/p>\n\t<p><span class=\"wpcf7-form-control-wrap\" data-name=\"your-whatsapp\"><input size=\"40\" maxlength=\"400\" class=\"wpcf7-form-control wpcf7-text\" aria-invalid=\"false\" placeholder=\"Your WhatsApp ID with Country Code\" value=\"\" type=\"text\" name=\"your-whatsapp\" \/><\/span>\n\t<\/p>\n\t<p>Subject\n\t<\/p>\n\t<p><span class=\"wpcf7-form-control-wrap\" data-name=\"your-subject\"><input size=\"40\" maxlength=\"400\" class=\"wpcf7-form-control wpcf7-text\" aria-invalid=\"false\" value=\"\" type=\"text\" name=\"your-subject\" \/><\/span>\n\t<\/p>\n\t<p>Your Message (required)\n\t<\/p>\n\t<p><span class=\"wpcf7-form-control-wrap\" data-name=\"your-message\"><textarea cols=\"40\" rows=\"10\" maxlength=\"2000\" class=\"wpcf7-form-control wpcf7-textarea wpcf7-validates-as-required\" aria-required=\"true\" aria-invalid=\"false\" placeholder=\"please specify your detail requirement here\" name=\"your-message\"><\/textarea><\/span>\n\t<\/p>\n\t<p><input class=\"wpcf7-form-control wpcf7-submit has-spinner\" type=\"submit\" value=\"Send\" \/>\n\t<\/p>\n<\/div><p style=\"display: none !important;\" class=\"akismet-fields-container\" data-prefix=\"_wpcf7_ak_\"><label>&#916;<textarea name=\"_wpcf7_ak_hp_textarea\" cols=\"45\" rows=\"8\" maxlength=\"100\"><\/textarea><\/label><input type=\"hidden\" id=\"ak_js_1\" name=\"_wpcf7_ak_js\" value=\"135\"\/><script type=\"text\/javascript\">\n\/* <![CDATA[ *\/\ndocument.getElementById( \"ak_js_1\" ).setAttribute( \"value\", ( new Date() ).getTime() );\n\/* ]]> *\/\n<\/script>\n<\/p><div class=\"wpcf7-response-output\" aria-hidden=\"true\"><\/div>\n<\/form>\n<\/div>\n\n","protected":false},"excerpt":{"rendered":"<p>Romiter Machinery Co., Ltd. es un dise\u00f1ador l\u00edder en el mercado y un fabricante de la m\u00e1quina de procesamiento de carne con 10 a\u00f1os de experiencia. En los \u00faltimos 10 a\u00f1os, nos centramos en investigar y dise\u00f1ar la maquinaria que podr\u00eda procesar la carne en un tipo diferente de productos. Romiter Machinery gana una amplia reputaci\u00f3n por productos con alta eficiencia, excelente confiabilidad, f\u00e1cil mantenimiento y larga vida \u00fatil. Romiter tiene un excelente equipo de soporte t\u00e9cnico, que incluye maquinistas y t\u00e9cnicos de servicio altamente experimentados. Todas nuestras m\u00e1quinas est\u00e1n equipadas con componentes de marca confiables. Esto nos permite ofrecer a nuestros clientes m\u00e1quinas continuas de alta calidad y de \u00faltima generaci\u00f3n para el procesamiento de carne a precios competitivos. Nuestro servicio, profesionalismo, experiencia y pericia han ganado una gran cantidad de clientes satisfechos, nos han ganado su confianza y nos han dado la credibilidad para trabajar con varias compa\u00f1\u00edas, tanto grandes como peque\u00f1as, en todo el Medio Oriente, Am\u00e9rica &#8230;<\/p>\n","protected":false},"author":1,"featured_media":0,"parent":0,"menu_order":0,"comment_status":"closed","ping_status":"closed","template":"","meta":{"footnotes":""},"class_list":["post-1829","page","type-page","status-publish","hentry"],"aioseo_notices":[],"_links":{"self":[{"href":"https:\/\/www.meatmachinechina.com\/es\/wp-json\/wp\/v2\/pages\/1829","targetHints":{"allow":["GET"]}}],"collection":[{"href":"https:\/\/www.meatmachinechina.com\/es\/wp-json\/wp\/v2\/pages"}],"about":[{"href":"https:\/\/www.meatmachinechina.com\/es\/wp-json\/wp\/v2\/types\/page"}],"author":[{"embeddable":true,"href":"https:\/\/www.meatmachinechina.com\/es\/wp-json\/wp\/v2\/users\/1"}],"replies":[{"embeddable":true,"href":"https:\/\/www.meatmachinechina.com\/es\/wp-json\/wp\/v2\/comments?post=1829"}],"version-history":[{"count":0,"href":"https:\/\/www.meatmachinechina.com\/es\/wp-json\/wp\/v2\/pages\/1829\/revisions"}],"wp:attachment":[{"href":"https:\/\/www.meatmachinechina.com\/es\/wp-json\/wp\/v2\/media?parent=1829"}],"curies":[{"name":"wp","href":"https:\/\/api.w.org\/{rel}","templated":true}]}}