{"id":1826,"date":"2020-06-22T07:14:14","date_gmt":"2020-06-22T07:14:14","guid":{"rendered":"https:\/\/www.meatmachinechina.com\/?page_id=1826"},"modified":"2020-06-22T07:14:14","modified_gmt":"2020-06-22T07:14:14","slug":"a-propos-de-nous","status":"publish","type":"page","link":"https:\/\/www.meatmachinechina.com\/fr\/a-propos-de-nous\/","title":{"rendered":"\u00c0 propos de nous"},"content":{"rendered":"<p><img loading=\"lazy\" decoding=\"async\" class=\"alignnone wp-image-207 size-large\" src=\"https:\/\/www.meatmachinechina.com\/wp-content\/uploads\/2017\/04\/Banner01-Meat-Blow-Cutting-Machine-Meat-Grinder-Machine-Manufacture-1024x267.jpg\" alt=\"Banner01-Meat-Blow-Cutting-Machine-Meat-Grinder-Machine Manufacture\" width=\"1024\" height=\"267\" srcset=\"https:\/\/www.meatmachinechina.com\/wp-content\/uploads\/2017\/04\/Banner01-Meat-Blow-Cutting-Machine-Meat-Grinder-Machine-Manufacture-1024x267.jpg 1024w, https:\/\/www.meatmachinechina.com\/wp-content\/uploads\/2017\/04\/Banner01-Meat-Blow-Cutting-Machine-Meat-Grinder-Machine-Manufacture-300x78.jpg 300w, https:\/\/www.meatmachinechina.com\/wp-content\/uploads\/2017\/04\/Banner01-Meat-Blow-Cutting-Machine-Meat-Grinder-Machine-Manufacture-768x200.jpg 768w, https:\/\/www.meatmachinechina.com\/wp-content\/uploads\/2017\/04\/Banner01-Meat-Blow-Cutting-Machine-Meat-Grinder-Machine-Manufacture.jpg 1920w\" sizes=\"auto, (max-width: 1024px) 100vw, 1024px\" \/><\/p>\n<p>Romiter Machinery Co., Ltd.est un concepteur leader sur le march\u00e9 et un fabricant de la machine de traitement de viande avec 10 ans d&rsquo;exp\u00e9rience. Au cours des 10 derni\u00e8res ann\u00e9es, nous nous sommes concentr\u00e9s sur la recherche et la conception de machines capables de transformer la viande en un type de produits diff\u00e9rent<\/p>\n<p><img loading=\"lazy\" decoding=\"async\" class=\"alignnone wp-image-208 size-large\" src=\"https:\/\/www.meatmachinechina.com\/wp-content\/uploads\/2017\/04\/Banner02-Sausage-Stuffing-Machine-Sausage-Binding-Wire-Machine-1024x267.jpg\" alt=\"Banner02-Sausage-Stuffing-Machine-Sausage-Binding-Wire-Machine\" width=\"1024\" height=\"267\" srcset=\"https:\/\/www.meatmachinechina.com\/wp-content\/uploads\/2017\/04\/Banner02-Sausage-Stuffing-Machine-Sausage-Binding-Wire-Machine-1024x267.jpg 1024w, https:\/\/www.meatmachinechina.com\/wp-content\/uploads\/2017\/04\/Banner02-Sausage-Stuffing-Machine-Sausage-Binding-Wire-Machine-300x78.jpg 300w, https:\/\/www.meatmachinechina.com\/wp-content\/uploads\/2017\/04\/Banner02-Sausage-Stuffing-Machine-Sausage-Binding-Wire-Machine-768x200.jpg 768w, https:\/\/www.meatmachinechina.com\/wp-content\/uploads\/2017\/04\/Banner02-Sausage-Stuffing-Machine-Sausage-Binding-Wire-Machine.jpg 1920w\" sizes=\"auto, (max-width: 1024px) 100vw, 1024px\" \/><\/p>\n<p>Romiter Machinery gagne une large r\u00e9putation pour des produits \u00e0 haute efficacit\u00e9, excellente fiabilit\u00e9, maintenance facile et longue dur\u00e9e de vie. Romiter dispose d&rsquo;une excellente \u00e9quipe de support technique, comprenant des machinistes et des techniciens de service hautement exp\u00e9riment\u00e9s. Toutes nos machines \u00e9quip\u00e9es de composants de marque fiables. Cela nous permet de fournir \u00e0 nos clients des machines de transformation de la viande de haute qualit\u00e9 et de pointe \u00e0 des prix comp\u00e9titifs.<\/p>\n<p><img loading=\"lazy\" decoding=\"async\" class=\"alignnone wp-image-229 size-large\" src=\"https:\/\/www.meatmachinechina.com\/wp-content\/uploads\/2017\/05\/Banner04-Meat-and-Bone-Separating-Machine-and-Bone-Crushing-Machine-Manufacture-1024x267.jpg\" alt=\"Banner04-Meat-and-Bone-Separating-Machine-and-Bone-Crushing-Machine Manufacture\" width=\"1024\" height=\"267\" srcset=\"https:\/\/www.meatmachinechina.com\/wp-content\/uploads\/2017\/05\/Banner04-Meat-and-Bone-Separating-Machine-and-Bone-Crushing-Machine-Manufacture-1024x267.jpg 1024w, https:\/\/www.meatmachinechina.com\/wp-content\/uploads\/2017\/05\/Banner04-Meat-and-Bone-Separating-Machine-and-Bone-Crushing-Machine-Manufacture-300x78.jpg 300w, https:\/\/www.meatmachinechina.com\/wp-content\/uploads\/2017\/05\/Banner04-Meat-and-Bone-Separating-Machine-and-Bone-Crushing-Machine-Manufacture-768x200.jpg 768w, https:\/\/www.meatmachinechina.com\/wp-content\/uploads\/2017\/05\/Banner04-Meat-and-Bone-Separating-Machine-and-Bone-Crushing-Machine-Manufacture.jpg 1920w\" sizes=\"auto, (max-width: 1024px) 100vw, 1024px\" \/><\/p>\n<p>Notre service, notre professionnalisme, notre exp\u00e9rience et notre expertise ont conquis un grand nombre de clients satisfaits, nous ont valu leur confiance et nous ont donn\u00e9 la cr\u00e9dibilit\u00e9 de travailler avec diverses entreprises &#8212; grandes et petites, dans toute la r\u00e9gion du Moyen-Orient, en Am\u00e9rique du Nord et du Sud, Europe, Oc\u00e9anie, Asie et Afrique, etc.<\/p>\n<p><img loading=\"lazy\" decoding=\"async\" class=\"alignnone wp-image-209 size-large\" src=\"https:\/\/www.meatmachinechina.com\/wp-content\/uploads\/2017\/04\/Banner03-Meat-Ball-Making-Machine-Meat-Beating-Machine-Manufacture-1024x267.jpg\" alt=\"Banner03-Meat-Ball-Making-Machine-Meat-Beating-Machine-Manufacture\" width=\"1024\" height=\"267\" srcset=\"https:\/\/www.meatmachinechina.com\/wp-content\/uploads\/2017\/04\/Banner03-Meat-Ball-Making-Machine-Meat-Beating-Machine-Manufacture-1024x267.jpg 1024w, https:\/\/www.meatmachinechina.com\/wp-content\/uploads\/2017\/04\/Banner03-Meat-Ball-Making-Machine-Meat-Beating-Machine-Manufacture-300x78.jpg 300w, https:\/\/www.meatmachinechina.com\/wp-content\/uploads\/2017\/04\/Banner03-Meat-Ball-Making-Machine-Meat-Beating-Machine-Manufacture-768x200.jpg 768w, https:\/\/www.meatmachinechina.com\/wp-content\/uploads\/2017\/04\/Banner03-Meat-Ball-Making-Machine-Meat-Beating-Machine-Manufacture.jpg 1920w\" sizes=\"auto, (max-width: 1024px) 100vw, 1024px\" \/><\/p>\n<p>Machine de transformation de viande Romiter viande Europe Exigence de qualit\u00e9. avec la certification CE, le client n&rsquo;a pas \u00e0 se soucier de l&rsquo;importation<\/p>\n<p>Romiter Group fournit une solution compl\u00e8te de traitement de la viande, qui comprend, mais sans s&rsquo;y limiter:<\/p>\n<ol>\n<li>D\u00e9coupeuse \u00e0 viande<\/li>\n<li>Scie \u00e0 ruban \u00e0 os gel\u00e9<\/li>\n<li>Saucisse faisant la machine<\/li>\n<li>Boulette de viande faisant la machine<\/li>\n<li>Machine de broyeur d&rsquo;os<\/li>\n<li>Four \u00e0 viande<\/li>\n<li>Machine de s\u00e9paration d&rsquo;os de poisson et de viande.<\/li>\n<li>Machine \u00e0 pattes de poulet<\/li>\n<li>Hachoir \u00e0 viande<\/li>\n<li>Trancheuse \u00e0 viande<\/li>\n<li>Machine \u00e0 galette de viande<\/li>\n<\/ol>\n<p>Facebook Page:\u00a0<a href=\"https:\/\/www.facebook.com\/MeatProcessingMachine\/\" rel=\"no follow\">https:\/\/www.facebook.com\/MeatProcessingMachine\/<\/a><\/p>\n\n<div class=\"wpcf7 no-js\" id=\"wpcf7-f4-o1\" lang=\"en-US\" dir=\"ltr\" data-wpcf7-id=\"4\">\n<div class=\"screen-reader-response\"><p role=\"status\" aria-live=\"polite\" aria-atomic=\"true\"><\/p> <ul><\/ul><\/div>\n<form action=\"\/fr\/wp-json\/wp\/v2\/pages\/1826#wpcf7-f4-o1\" method=\"post\" class=\"wpcf7-form init\" aria-label=\"Contact form\" novalidate=\"novalidate\" data-status=\"init\">\n<fieldset class=\"hidden-fields-container\"><input type=\"hidden\" name=\"_wpcf7\" value=\"4\" \/><input type=\"hidden\" name=\"_wpcf7_version\" value=\"6.1.5\" \/><input type=\"hidden\" name=\"_wpcf7_locale\" value=\"en_US\" \/><input type=\"hidden\" name=\"_wpcf7_unit_tag\" value=\"wpcf7-f4-o1\" \/><input type=\"hidden\" name=\"_wpcf7_container_post\" value=\"0\" \/><input type=\"hidden\" name=\"_wpcf7_posted_data_hash\" value=\"\" \/>\n<\/fieldset>\n<div id=\"inquiryForm\">\n\t<h2>Send Us Inquiry to Get Quotation\n\t<\/h2>\n\t<p>Please enter your contact information and the details you want to know about our product.\n\t<\/p>\n\t<p>Your Name (required)\n\t<\/p>\n\t<p><span class=\"wpcf7-form-control-wrap\" data-name=\"your-name\"><input size=\"40\" maxlength=\"400\" class=\"wpcf7-form-control wpcf7-text wpcf7-validates-as-required\" aria-required=\"true\" aria-invalid=\"false\" value=\"\" type=\"text\" name=\"your-name\" \/><\/span>\n\t<\/p>\n\t<p>Your Email (required)\n\t<\/p>\n\t<p><span class=\"wpcf7-form-control-wrap\" data-name=\"your-email\"><input size=\"40\" maxlength=\"400\" class=\"wpcf7-form-control wpcf7-email wpcf7-validates-as-required wpcf7-text wpcf7-validates-as-email\" aria-required=\"true\" aria-invalid=\"false\" value=\"\" type=\"email\" name=\"your-email\" \/><\/span>\n\t<\/p>\n\t<p>Country\n\t<\/p>\n\t<p><span class=\"wpcf7-form-control-wrap\" data-name=\"your-country\"><input size=\"40\" maxlength=\"400\" class=\"wpcf7-form-control wpcf7-text\" aria-invalid=\"false\" placeholder=\"Tell us Your Country\" value=\"\" type=\"text\" name=\"your-country\" \/><\/span>\n\t<\/p>\n\t<p>WhatsApp\n\t<\/p>\n\t<p><span class=\"wpcf7-form-control-wrap\" data-name=\"your-whatsapp\"><input size=\"40\" maxlength=\"400\" class=\"wpcf7-form-control wpcf7-text\" aria-invalid=\"false\" placeholder=\"Your WhatsApp ID with Country Code\" value=\"\" type=\"text\" name=\"your-whatsapp\" \/><\/span>\n\t<\/p>\n\t<p>Subject\n\t<\/p>\n\t<p><span class=\"wpcf7-form-control-wrap\" data-name=\"your-subject\"><input size=\"40\" maxlength=\"400\" class=\"wpcf7-form-control wpcf7-text\" aria-invalid=\"false\" value=\"\" type=\"text\" name=\"your-subject\" \/><\/span>\n\t<\/p>\n\t<p>Your Message (required)\n\t<\/p>\n\t<p><span class=\"wpcf7-form-control-wrap\" data-name=\"your-message\"><textarea cols=\"40\" rows=\"10\" maxlength=\"2000\" class=\"wpcf7-form-control wpcf7-textarea wpcf7-validates-as-required\" aria-required=\"true\" aria-invalid=\"false\" placeholder=\"please specify your detail requirement here\" name=\"your-message\"><\/textarea><\/span>\n\t<\/p>\n\t<p><input class=\"wpcf7-form-control wpcf7-submit has-spinner\" type=\"submit\" value=\"Send\" \/>\n\t<\/p>\n<\/div><p style=\"display: none !important;\" class=\"akismet-fields-container\" data-prefix=\"_wpcf7_ak_\"><label>&#916;<textarea name=\"_wpcf7_ak_hp_textarea\" cols=\"45\" rows=\"8\" maxlength=\"100\"><\/textarea><\/label><input type=\"hidden\" id=\"ak_js_1\" name=\"_wpcf7_ak_js\" value=\"152\"\/><script type=\"text\/javascript\">\n\/* <![CDATA[ *\/\ndocument.getElementById( \"ak_js_1\" ).setAttribute( \"value\", ( new Date() ).getTime() );\n\/* ]]> *\/\n<\/script>\n<\/p><div class=\"wpcf7-response-output\" aria-hidden=\"true\"><\/div>\n<\/form>\n<\/div>\n\n","protected":false},"excerpt":{"rendered":"<p>Romiter Machinery Co., Ltd.est un concepteur leader sur le march\u00e9 et un fabricant de la machine de traitement de viande avec 10 ans d&rsquo;exp\u00e9rience. Au cours des 10 derni\u00e8res ann\u00e9es, nous nous sommes concentr\u00e9s sur la recherche et la conception de machines capables de transformer la viande en un type de produits diff\u00e9rent Romiter Machinery gagne une large r\u00e9putation pour des produits \u00e0 haute efficacit\u00e9, excellente fiabilit\u00e9, maintenance facile et longue dur\u00e9e de vie. Romiter dispose d&rsquo;une excellente \u00e9quipe de support technique, comprenant des machinistes et des techniciens de service hautement exp\u00e9riment\u00e9s. Toutes nos machines \u00e9quip\u00e9es de composants de marque fiables. Cela nous permet de fournir \u00e0 nos clients des machines de transformation de la viande de haute qualit\u00e9 et de pointe \u00e0 des prix comp\u00e9titifs. Notre service, notre professionnalisme, notre exp\u00e9rience et notre expertise ont conquis un grand nombre de clients satisfaits, nous ont valu leur confiance et nous ont donn\u00e9 la cr\u00e9dibilit\u00e9 de travailler avec diverses entreprises &#8212; &#8230;<\/p>\n","protected":false},"author":1,"featured_media":0,"parent":0,"menu_order":0,"comment_status":"closed","ping_status":"closed","template":"","meta":{"footnotes":""},"class_list":["post-1826","page","type-page","status-publish","hentry"],"aioseo_notices":[],"_links":{"self":[{"href":"https:\/\/www.meatmachinechina.com\/fr\/wp-json\/wp\/v2\/pages\/1826","targetHints":{"allow":["GET"]}}],"collection":[{"href":"https:\/\/www.meatmachinechina.com\/fr\/wp-json\/wp\/v2\/pages"}],"about":[{"href":"https:\/\/www.meatmachinechina.com\/fr\/wp-json\/wp\/v2\/types\/page"}],"author":[{"embeddable":true,"href":"https:\/\/www.meatmachinechina.com\/fr\/wp-json\/wp\/v2\/users\/1"}],"replies":[{"embeddable":true,"href":"https:\/\/www.meatmachinechina.com\/fr\/wp-json\/wp\/v2\/comments?post=1826"}],"version-history":[{"count":0,"href":"https:\/\/www.meatmachinechina.com\/fr\/wp-json\/wp\/v2\/pages\/1826\/revisions"}],"wp:attachment":[{"href":"https:\/\/www.meatmachinechina.com\/fr\/wp-json\/wp\/v2\/media?parent=1826"}],"curies":[{"name":"wp","href":"https:\/\/api.w.org\/{rel}","templated":true}]}}